{"id":2594,"date":"2024-08-20T17:25:44","date_gmt":"2024-08-20T15:25:44","guid":{"rendered":"https:\/\/nereacanteranutricionista.es\/?page_id=2594"},"modified":"2024-08-20T17:27:53","modified_gmt":"2024-08-20T15:27:53","slug":"contacto-copia","status":"publish","type":"page","link":"https:\/\/nereacanteranutricionista.es\/index.php\/contacto-copia\/","title":{"rendered":"Contacto copia"},"content":{"rendered":"\n<div class=\"wp-block-uagb-container uagb-block-f6a69f53 alignfull uagb-is-root-container\"><div class=\"uagb-container-inner-blocks-wrap\">\n<div class=\"wp-block-uagb-advanced-heading uagb-block-4d2ef992\"><h1 class=\"uagb-heading-text\">Contacto<\/h1><p class=\"uagb-desc-text\">M\u00e1ndame un mensaje si quieres <strong>pedir cita<\/strong> o quieres conocer mejor mi forma de trabajo.<\/p><\/div>\n<\/div><\/div>\n\n\n\n<div class=\"inherit-container-width wp-block-group has-ast-global-color-0-color has-text-color has-link-color wp-elements-8427343637df17669dfe32b0f484dc7a is-layout-constrained wp-block-group-is-layout-constrained\"><\/div>\n\n\n<h2 style=\"text-align: center;\"><a href=\"https:\/\/nereacanteranutricionista.es\/index.php\/pide-tu-cita\/\">Si quieres pedir una cita a trav\u00e9s del formulario autom\u00e1tico de citas pulsa aqu\u00ed. Gracias.<\/a><\/h2>\n\n\n<div class=\"wp-block-uagb-container uagb-block-63fa4bc5 alignfull uagb-is-root-container\"><div class=\"uagb-container-inner-blocks-wrap\">\n<div class=\"wp-block-uagb-container uagb-block-8ac5feb0\">\n<div class=\"wp-block-columns is-layout-flex wp-container-core-columns-is-layout-1 wp-block-columns-is-layout-flex\">\n<div class=\"wp-block-column is-layout-flow wp-block-column-is-layout-flow\">\n<p><\/p>\n\n\n\n<div class=\"wp-block-uagb-advanced-heading uagb-block-d4a06fad\"><h2 class=\"uagb-heading-text\">\u00bfEn qu\u00e9 puedo ayudarte?:<br><\/h2><\/div>\n\n\n\n<div class=\"wp-block-contact-form-7-contact-form-selector\">\n<div class=\"wpcf7 no-js\" id=\"wpcf7-f1180-o1\" lang=\"es-ES\" dir=\"ltr\" data-wpcf7-id=\"1180\">\n<div class=\"screen-reader-response\"><p role=\"status\" aria-live=\"polite\" aria-atomic=\"true\"><\/p> <ul><\/ul><\/div>\n<form action=\"\/index.php\/wp-json\/wp\/v2\/pages\/2594#wpcf7-f1180-o1\" method=\"post\" class=\"wpcf7-form init\" aria-label=\"Formulario de contacto\" novalidate=\"novalidate\" data-status=\"init\">\n<div style=\"display: none;\">\n<input type=\"hidden\" name=\"_wpcf7\" value=\"1180\" \/>\n<input type=\"hidden\" name=\"_wpcf7_version\" value=\"6.0.6\" \/>\n<input type=\"hidden\" name=\"_wpcf7_locale\" value=\"es_ES\" \/>\n<input type=\"hidden\" name=\"_wpcf7_unit_tag\" value=\"wpcf7-f1180-o1\" \/>\n<input type=\"hidden\" name=\"_wpcf7_container_post\" value=\"0\" \/>\n<input type=\"hidden\" name=\"_wpcf7_posted_data_hash\" value=\"\" \/>\n<input type=\"hidden\" name=\"_wpcf7_recaptcha_response\" value=\"\" \/>\n<\/div>\n<label> Nombre y apellidos (*)\n    <span class=\"wpcf7-form-control-wrap\" data-name=\"your-name\"><input size=\"40\" maxlength=\"400\" class=\"wpcf7-form-control wpcf7-text wpcf7-validates-as-required\" autocomplete=\"name\" aria-required=\"true\" aria-invalid=\"false\" placeholder=\"\" value=\"\" type=\"text\" name=\"your-name\" \/><\/span> <\/label>\n\n\n<label> Correo electr\u00f3nico (*)\n    <span class=\"wpcf7-form-control-wrap\" data-name=\"your-email\"><input size=\"40\" maxlength=\"400\" class=\"wpcf7-form-control wpcf7-email wpcf7-validates-as-required wpcf7-text wpcf7-validates-as-email\" id=\"your-email\" autocomplete=\"email\" aria-required=\"true\" aria-invalid=\"false\" value=\"\" type=\"email\" name=\"your-email\" \/><\/span> <\/label>\n\n<label> N\u00famero de tel\u00e9fono\n    <span class=\"wpcf7-form-control-wrap\" data-name=\"telefono\"><input size=\"40\" maxlength=\"400\" class=\"wpcf7-form-control wpcf7-tel wpcf7-validates-as-required wpcf7-text wpcf7-validates-as-tel nmero\" id=\"telfono\" aria-required=\"true\" aria-invalid=\"false\" value=\"\" type=\"tel\" name=\"telefono\" \/><\/span>\n\n\n<label> Tu mensaje (*)\n    <span class=\"wpcf7-form-control-wrap\" data-name=\"your-message\"><textarea cols=\"40\" rows=\"10\" maxlength=\"2000\" class=\"wpcf7-form-control wpcf7-textarea wpcf7-validates-as-required\" id=\"your-message\" aria-required=\"true\" aria-invalid=\"false\" name=\"your-message\"><\/textarea><\/span> <\/label>\n\n\n\n\n\n<span class=\"wpcf7-form-control-wrap\" data-name=\"RGPD\"><span class=\"wpcf7-form-control wpcf7-acceptance\"><span class=\"wpcf7-list-item\"><label><input type=\"checkbox\" name=\"RGPD\" value=\"1\" id=\"RGPD\" aria-invalid=\"false\" \/><span class=\"wpcf7-list-item-label\">He le\u00eddo y acepto la <a href=\"https:\/\/nereacanteranutricionista.es\/index.php\/politica-de-privacidad\/\" data-type=\"page\" data-id=\"1192\" target=\"_blank\" rel=\"noreferrer noopener\">pol\u00edtica de privacidad<\/a><\/span><\/label><\/span><\/span><\/span>\n\n\n\n\n<span class=\"wpcf7-form-control-wrap\" data-name=\"RGPD\"><span class=\"wpcf7-form-control wpcf7-acceptance\"><span class=\"wpcf7-list-item\"><label><input type=\"checkbox\" name=\"RGPD\" value=\"1\" aria-invalid=\"false\" \/><span class=\"wpcf7-list-item-label\">Acepto el env\u00edo de informaciones por parte de Nerea Cantera<\/a><\/span><\/label><\/span><\/span><\/span>\n\n\n\n<input class=\"wpcf7-form-control wpcf7-submit has-spinner\" type=\"submit\" value=\"Enviar\" \/><input type='hidden' class='wpcf7-pum' value='{\"closepopup\":false,\"closedelay\":0,\"openpopup\":false,\"openpopup_id\":0}' \/><div class=\"wpcf7-response-output\" aria-hidden=\"true\"><\/div>\n<\/form>\n<\/div>\n<\/div>\n<\/div>\n<\/div>\n<\/div>\n\n\n\n<div class=\"wp-block-uagb-container uagb-block-4a12b154\">\n<div class=\"wp-block-uagb-advanced-heading uagb-block-bd08dee9\"><h2 class=\"uagb-heading-text\">Estemos en contacto<\/h2><\/div>\n\n\n\n<div class=\"wp-block-uagb-advanced-heading uagb-block-23ee7cea\"><h3 class=\"uagb-heading-text\"><strong>Tel\u00e9fonos<\/strong><\/h3><\/div>\n\n\n\n<div class=\"wp-block-uagb-icon-list uagb-block-10d4e594\"><div class=\"uagb-icon-list__wrap\">\n<div class=\"wp-block-uagb-icon-list-child uagb-block-5e1508c2\"><a target=\"_self\" aria-label=\"644 022 048\" rel=\"noopener noreferrer\" href=\"tel:\/\/644022048\"> <\/a><span class=\"uagb-icon-list__source-wrap\"><svg xmlns=\"https:\/\/www.w3.org\/2000\/svg\" viewBox=\"0 0 512 512\"><path d=\"M18.92 351.2l108.5-46.52c12.78-5.531 27.77-1.801 36.45 8.98l44.09 53.82c69.25-34 125.5-90.31 159.5-159.5l-53.81-44.04c-10.75-8.781-14.41-23.69-8.974-36.47l46.51-108.5c6.094-13.91 21.1-21.52 35.79-18.11l100.8 23.25c14.25 3.25 24.22 15.8 24.22 30.46c0 252.3-205.2 457.5-457.5 457.5c-14.67 0-27.18-9.968-30.45-24.22l-23.25-100.8C-2.571 372.4 5.018 357.2 18.92 351.2z\"><\/path><\/svg><\/span><span class=\"uagb-icon-list__label\">644 022 048<\/span><\/div>\n\n\n\n<div class=\"wp-block-uagb-icon-list-child uagb-block-9f49bbf2\"><a target=\"_blank\" aria-label=\"Escr\u00edbeme un Whatsapp\" rel=\"noopener noreferrer\" href=\"https:\/\/api.whatsapp.com\/send?phone=34644022048&amp;text=Vas%20a%20empezar%20un%20chat%20con%20Nerea%20Cantera%20Nutricionista.%20Te%20responder%C3%A9%20lo%20antes%20posible.%20%C2%A1Gracias!\"> <\/a><span class=\"uagb-icon-list__source-wrap\"><svg xmlns=\"https:\/\/www.w3.org\/2000\/svg\" viewBox=\"0 0 448 512\"><path d=\"M380.9 97.1C339 55.1 283.2 32 223.9 32c-122.4 0-222 99.6-222 222 0 39.1 10.2 77.3 29.6 111L0 480l117.7-30.9c32.4 17.7 68.9 27 106.1 27h.1c122.3 0 224.1-99.6 224.1-222 0-59.3-25.2-115-67.1-157zm-157 341.6c-33.2 0-65.7-8.9-94-25.7l-6.7-4-69.8 18.3L72 359.2l-4.4-7c-18.5-29.4-28.2-63.3-28.2-98.2 0-101.7 82.8-184.5 184.6-184.5 49.3 0 95.6 19.2 130.4 54.1 34.8 34.9 56.2 81.2 56.1 130.5 0 101.8-84.9 184.6-186.6 184.6zm101.2-138.2c-5.5-2.8-32.8-16.2-37.9-18-5.1-1.9-8.8-2.8-12.5 2.8-3.7 5.6-14.3 18-17.6 21.8-3.2 3.7-6.5 4.2-12 1.4-32.6-16.3-54-29.1-75.5-66-5.7-9.8 5.7-9.1 16.3-30.3 1.8-3.7 .9-6.9-.5-9.7-1.4-2.8-12.5-30.1-17.1-41.2-4.5-10.8-9.1-9.3-12.5-9.5-3.2-.2-6.9-.2-10.6-.2-3.7 0-9.7 1.4-14.8 6.9-5.1 5.6-19.4 19-19.4 46.3 0 27.3 19.9 53.7 22.6 57.4 2.8 3.7 39.1 59.7 94.8 83.8 35.2 15.2 49 16.5 66.6 13.9 10.7-1.6 32.8-13.4 37.4-26.4 4.6-13 4.6-24.1 3.2-26.4-1.3-2.5-5-3.9-10.5-6.6z\"><\/path><\/svg><\/span><span class=\"uagb-icon-list__label\">Escr\u00edbeme un Whatsapp<\/span><\/div>\n<\/div><\/div>\n\n\n\n<div class=\"wp-block-uagb-advanced-heading uagb-block-3d51a747\"><h3 class=\"uagb-heading-text\">Email\u200b<\/h3><\/div>\n\n\n\n<div class=\"wp-block-uagb-icon-list uagb-block-2b5bd992\"><div class=\"uagb-icon-list__wrap\">\n<div class=\"wp-block-uagb-icon-list-child uagb-block-1727bde8\"><a target=\"_blank\" aria-label=\"info@nereacanteranutricionista.es\" rel=\"noopener noreferrer\" href=\"mailto:info@nereacanteranutricionista.es\"> <\/a><span class=\"uagb-icon-list__source-wrap\"><svg xmlns=\"https:\/\/www.w3.org\/2000\/svg\" viewBox=\"0 0 512 512\"><path d=\"M256 0C114.6 0 0 114.6 0 256s114.6 256 256 256s256-114.6 256-256S397.4 0 256 0zM256 128c17.67 0 32 14.33 32 32c0 17.67-14.33 32-32 32S224 177.7 224 160C224 142.3 238.3 128 256 128zM296 384h-80C202.8 384 192 373.3 192 360s10.75-24 24-24h16v-64H224c-13.25 0-24-10.75-24-24S210.8 224 224 224h32c13.25 0 24 10.75 24 24v88h16c13.25 0 24 10.75 24 24S309.3 384 296 384z\"><\/path><\/svg><\/span><span class=\"uagb-icon-list__label\">info@nereacanteranutricionista.es<\/span><\/div>\n\n\n\n<div class=\"wp-block-uagb-icon-list-child uagb-block-3ea41b08\"><a target=\"_blank\" aria-label=\"soporte@nereacanteranutricionista.es\" rel=\"noopener noreferrer\" href=\"mailto:soporte@nereacanteranutricionista.es\"> <\/a><span class=\"uagb-icon-list__source-wrap\"><svg xmlns=\"https:\/\/www.w3.org\/2000\/svg\" viewBox=\"0 0 512 512\"><path d=\"M191.1 224c0-17.72-14.34-32.04-32-32.04L144 192c-35.34 0-64 28.66-64 64.08v47.79C80 339.3 108.7 368 144 368H160c17.66 0 32-14.36 32-32.06L191.1 224zM256 0C112.9 0 4.583 119.1 .0208 256L0 296C0 309.3 10.75 320 23.1 320S48 309.3 48 296V256c0-114.7 93.34-207.8 208-207.8C370.7 48.2 464 141.3 464 256v144c0 22.09-17.91 40-40 40h-110.7C305 425.7 289.7 416 272 416H241.8c-23.21 0-44.5 15.69-48.87 38.49C187 485.2 210.4 512 239.1 512H272c17.72 0 33.03-9.711 41.34-24H424c48.6 0 88-39.4 88-88V256C507.4 119.1 399.1 0 256 0zM368 368c35.34 0 64-28.7 64-64.13V256.1C432 220.7 403.3 192 368 192l-16 0c-17.66 0-32 14.34-32 32.04L320 335.9C320 353.7 334.3 368 352 368H368z\"><\/path><\/svg><\/span><span class=\"uagb-icon-list__label\">soporte@nereacanteranutricionista.es<\/span><\/div>\n<\/div><\/div>\n\n\n\n<div class=\"wp-block-uagb-advanced-heading uagb-block-76ad7ffb\"><h3 class=\"uagb-heading-text\">Horarios de cita:\u200b<\/h3><p class=\"uagb-desc-text\"><strong>Lunes a jueves:<\/strong><br>  &#8211; Ma\u00f1anas: 09:30 &#8211; 14:00 h<br>  &#8211; Tardes: 16:00 &#8211; 19:30 h<br><strong>Viernes:<\/strong><br>  &#8211; Ma\u00f1anas: 09:30 &#8211; 14:00 h<br>  &#8211; Tardes: cerrado<br><strong>S\u00e1bado y domingo:<\/strong> cerrado<\/p><\/div>\n\n\n\n<div class=\"wp-block-uagb-advanced-heading uagb-block-c4b04ffb\"><h3 class=\"uagb-heading-text\">Citas presenciales:\u200b<\/h3><p class=\"uagb-desc-text\"><strong>Lunes, Martes y Jueves<\/strong>.<\/p><\/div>\n<\/div>\n<\/div><\/div>\n\n\n\n<div class=\"wp-block-uagb-container uagb-block-d41f9035 alignfull uagb-is-root-container\"><div class=\"uagb-container-inner-blocks-wrap\">\n<iframe src=\"https:\/\/www.google.com\/maps\/embed?pb=!1m18!1m12!1m3!1d2964.7111179837107!2d-4.533268548960068!3d42.00647496524756!2m3!1f0!2f0!3f0!3m2!1i1024!2i768!4f13.1!3m3!1m2!1s0xd47b1920382ca27%3A0xaff198ea33c5dbdb!2sNerea%20Cantera%20Dietista-Nutricionista!5e0!3m2!1ses!2ses!4v1676470952430!5m2!1ses!2ses\" width=\"2200\" height=\"400\" style=\"border:0;\" fullscreen=\"\" loading=\"lazy\" referrerpolicy=\"no-referrer-when-downgrade\"><\/iframe>\n<\/div><\/div>\n","protected":false},"excerpt":{"rendered":"<p>Contacto M\u00e1ndame un mensaje si quieres pedir cita o quieres conocer mejor mi forma de trabajo. Si quieres pedir una cita a trav\u00e9s del formulario autom\u00e1tico de citas pulsa aqu\u00ed. Gracias. Estemos en contacto Tel\u00e9fonos Email\u200b Horarios de cita:\u200b Lunes a jueves: &#8211; Ma\u00f1anas: 09:30 &#8211; 14:00 h &#8211; Tardes: 16:00 &#8211; 19:30 hViernes: &#8211; [&hellip;]<\/p>\n","protected":false},"author":1,"featured_media":0,"parent":0,"menu_order":0,"comment_status":"closed","ping_status":"closed","template":"","meta":{"_uag_custom_page_level_css":"","site-sidebar-layout":"no-sidebar","site-content-layout":"plain-container","ast-site-content-layout":"","site-content-style":"default","site-sidebar-style":"default","ast-global-header-display":"","ast-banner-title-visibility":"","ast-main-header-display":"","ast-hfb-above-header-display":"","ast-hfb-below-header-display":"","ast-hfb-mobile-header-display":"","site-post-title":"disabled","ast-breadcrumbs-content":"","ast-featured-img":"","footer-sml-layout":"","theme-transparent-header-meta":"disabled","adv-header-id-meta":"","stick-header-meta":"","header-above-stick-meta":"","header-main-stick-meta":"","header-below-stick-meta":"","astra-migrate-meta-layouts":"default","ast-page-background-enabled":"default","ast-page-background-meta":{"desktop":{"background-color":"","background-image":"","background-repeat":"repeat","background-position":"center center","background-size":"auto","background-attachment":"scroll","background-type":"","background-media":"","overlay-type":"","overlay-color":"","overlay-opacity":"","overlay-gradient":""},"tablet":{"background-color":"","background-image":"","background-repeat":"repeat","background-position":"center center","background-size":"auto","background-attachment":"scroll","background-type":"","background-media":"","overlay-type":"","overlay-color":"","overlay-opacity":"","overlay-gradient":""},"mobile":{"background-color":"","background-image":"","background-repeat":"repeat","background-position":"center center","background-size":"auto","background-attachment":"scroll","background-type":"","background-media":"","overlay-type":"","overlay-color":"","overlay-opacity":"","overlay-gradient":""}},"ast-content-background-meta":{"desktop":{"background-color":"var(--ast-global-color-5)","background-image":"","background-repeat":"repeat","background-position":"center center","background-size":"auto","background-attachment":"scroll","background-type":"","background-media":"","overlay-type":"","overlay-color":"","overlay-opacity":"","overlay-gradient":""},"tablet":{"background-color":"var(--ast-global-color-5)","background-image":"","background-repeat":"repeat","background-position":"center center","background-size":"auto","background-attachment":"scroll","background-type":"","background-media":"","overlay-type":"","overlay-color":"","overlay-opacity":"","overlay-gradient":""},"mobile":{"background-color":"var(--ast-global-color-5)","background-image":"","background-repeat":"repeat","background-position":"center center","background-size":"auto","background-attachment":"scroll","background-type":"","background-media":"","overlay-type":"","overlay-color":"","overlay-opacity":"","overlay-gradient":""}},"footnotes":""},"class_list":["post-2594","page","type-page","status-publish","hentry"],"yoast_head":"<!-- This site is optimized with the Yoast SEO plugin v23.6 - https:\/\/yoast.com\/wordpress\/plugins\/seo\/ -->\n<title>Contacto copia - Nerea Cantera - Nutricionista en Palencia y online.<\/title>\n<meta name=\"description\" content=\"Puedes mandarme un mensaje y contactar\u00e9 contigo lo antes posible para estudiar tus problemas nutricionales.\" \/>\n<meta name=\"robots\" content=\"index, follow, max-snippet:-1, max-image-preview:large, max-video-preview:-1\" \/>\n<link rel=\"canonical\" href=\"https:\/\/nereacanteranutricionista.es\/index.php\/contacto-copia\/\" \/>\n<meta property=\"og:locale\" content=\"es_ES\" \/>\n<meta property=\"og:type\" content=\"article\" \/>\n<meta property=\"og:title\" content=\"Contacto copia - Nerea Cantera - Nutricionista en Palencia y online.\" \/>\n<meta property=\"og:description\" content=\"Puedes mandarme un mensaje y contactar\u00e9 contigo lo antes posible para estudiar tus problemas nutricionales.\" \/>\n<meta property=\"og:url\" content=\"https:\/\/nereacanteranutricionista.es\/index.php\/contacto-copia\/\" \/>\n<meta property=\"og:site_name\" content=\"Nerea Cantera - Nutricionista en Palencia y online.\" \/>\n<meta property=\"article:modified_time\" content=\"2024-08-20T15:27:53+00:00\" \/>\n<meta name=\"twitter:card\" content=\"summary_large_image\" \/>\n<meta name=\"twitter:label1\" content=\"Tiempo de lectura\" \/>\n\t<meta name=\"twitter:data1\" content=\"1 minuto\" \/>\n<script type=\"application\/ld+json\" class=\"yoast-schema-graph\">{\"@context\":\"https:\/\/schema.org\",\"@graph\":[{\"@type\":\"WebPage\",\"@id\":\"https:\/\/nereacanteranutricionista.es\/index.php\/contacto-copia\/\",\"url\":\"https:\/\/nereacanteranutricionista.es\/index.php\/contacto-copia\/\",\"name\":\"Contacto copia - Nerea Cantera - Nutricionista en Palencia y online.\",\"isPartOf\":{\"@id\":\"https:\/\/nereacanteranutricionista.es\/#website\"},\"datePublished\":\"2024-08-20T15:25:44+00:00\",\"dateModified\":\"2024-08-20T15:27:53+00:00\",\"description\":\"Puedes mandarme un mensaje y contactar\u00e9 contigo lo antes posible para estudiar tus problemas nutricionales.\",\"breadcrumb\":{\"@id\":\"https:\/\/nereacanteranutricionista.es\/index.php\/contacto-copia\/#breadcrumb\"},\"inLanguage\":\"es\",\"potentialAction\":[{\"@type\":\"ReadAction\",\"target\":[\"https:\/\/nereacanteranutricionista.es\/index.php\/contacto-copia\/\"]}]},{\"@type\":\"BreadcrumbList\",\"@id\":\"https:\/\/nereacanteranutricionista.es\/index.php\/contacto-copia\/#breadcrumb\",\"itemListElement\":[{\"@type\":\"ListItem\",\"position\":1,\"name\":\"Portada\",\"item\":\"https:\/\/nereacanteranutricionista.es\/\"},{\"@type\":\"ListItem\",\"position\":2,\"name\":\"Contacto copia\"}]},{\"@type\":\"WebSite\",\"@id\":\"https:\/\/nereacanteranutricionista.es\/#website\",\"url\":\"https:\/\/nereacanteranutricionista.es\/\",\"name\":\"Nerea Cantera - Nutricionista en Palencia y online.\",\"description\":\"\",\"publisher\":{\"@id\":\"https:\/\/nereacanteranutricionista.es\/#\/schema\/person\/8388f071d44817509022534eee888d9b\"},\"potentialAction\":[{\"@type\":\"SearchAction\",\"target\":{\"@type\":\"EntryPoint\",\"urlTemplate\":\"https:\/\/nereacanteranutricionista.es\/?s={search_term_string}\"},\"query-input\":{\"@type\":\"PropertyValueSpecification\",\"valueRequired\":true,\"valueName\":\"search_term_string\"}}],\"inLanguage\":\"es\"},{\"@type\":[\"Person\",\"Organization\"],\"@id\":\"https:\/\/nereacanteranutricionista.es\/#\/schema\/person\/8388f071d44817509022534eee888d9b\",\"name\":\"Nerea Cantera\",\"image\":{\"@type\":\"ImageObject\",\"inLanguage\":\"es\",\"@id\":\"https:\/\/nereacanteranutricionista.es\/#\/schema\/person\/image\/\",\"url\":\"https:\/\/nereacanteranutricionista.es\/wp-content\/uploads\/2023\/02\/cropped-cropped-cropped-ICONO-CON-LETRA-1-1.png\",\"contentUrl\":\"https:\/\/nereacanteranutricionista.es\/wp-content\/uploads\/2023\/02\/cropped-cropped-cropped-ICONO-CON-LETRA-1-1.png\",\"width\":2034,\"height\":678,\"caption\":\"Nerea Cantera\"},\"logo\":{\"@id\":\"https:\/\/nereacanteranutricionista.es\/#\/schema\/person\/image\/\"},\"sameAs\":[\"http:\/\/nereacanteranutricionista.es\"]}]}<\/script>\n<!-- \/ Yoast SEO plugin. -->","yoast_head_json":{"title":"Contacto copia - Nerea Cantera - Nutricionista en Palencia y online.","description":"Puedes mandarme un mensaje y contactar\u00e9 contigo lo antes posible para estudiar tus problemas nutricionales.","robots":{"index":"index","follow":"follow","max-snippet":"max-snippet:-1","max-image-preview":"max-image-preview:large","max-video-preview":"max-video-preview:-1"},"canonical":"https:\/\/nereacanteranutricionista.es\/index.php\/contacto-copia\/","og_locale":"es_ES","og_type":"article","og_title":"Contacto copia - Nerea Cantera - Nutricionista en Palencia y online.","og_description":"Puedes mandarme un mensaje y contactar\u00e9 contigo lo antes posible para estudiar tus problemas nutricionales.","og_url":"https:\/\/nereacanteranutricionista.es\/index.php\/contacto-copia\/","og_site_name":"Nerea Cantera - Nutricionista en Palencia y online.","article_modified_time":"2024-08-20T15:27:53+00:00","twitter_card":"summary_large_image","twitter_misc":{"Tiempo de lectura":"1 minuto"},"schema":{"@context":"https:\/\/schema.org","@graph":[{"@type":"WebPage","@id":"https:\/\/nereacanteranutricionista.es\/index.php\/contacto-copia\/","url":"https:\/\/nereacanteranutricionista.es\/index.php\/contacto-copia\/","name":"Contacto copia - Nerea Cantera - Nutricionista en Palencia y online.","isPartOf":{"@id":"https:\/\/nereacanteranutricionista.es\/#website"},"datePublished":"2024-08-20T15:25:44+00:00","dateModified":"2024-08-20T15:27:53+00:00","description":"Puedes mandarme un mensaje y contactar\u00e9 contigo lo antes posible para estudiar tus problemas nutricionales.","breadcrumb":{"@id":"https:\/\/nereacanteranutricionista.es\/index.php\/contacto-copia\/#breadcrumb"},"inLanguage":"es","potentialAction":[{"@type":"ReadAction","target":["https:\/\/nereacanteranutricionista.es\/index.php\/contacto-copia\/"]}]},{"@type":"BreadcrumbList","@id":"https:\/\/nereacanteranutricionista.es\/index.php\/contacto-copia\/#breadcrumb","itemListElement":[{"@type":"ListItem","position":1,"name":"Portada","item":"https:\/\/nereacanteranutricionista.es\/"},{"@type":"ListItem","position":2,"name":"Contacto copia"}]},{"@type":"WebSite","@id":"https:\/\/nereacanteranutricionista.es\/#website","url":"https:\/\/nereacanteranutricionista.es\/","name":"Nerea Cantera - Nutricionista en Palencia y online.","description":"","publisher":{"@id":"https:\/\/nereacanteranutricionista.es\/#\/schema\/person\/8388f071d44817509022534eee888d9b"},"potentialAction":[{"@type":"SearchAction","target":{"@type":"EntryPoint","urlTemplate":"https:\/\/nereacanteranutricionista.es\/?s={search_term_string}"},"query-input":{"@type":"PropertyValueSpecification","valueRequired":true,"valueName":"search_term_string"}}],"inLanguage":"es"},{"@type":["Person","Organization"],"@id":"https:\/\/nereacanteranutricionista.es\/#\/schema\/person\/8388f071d44817509022534eee888d9b","name":"Nerea Cantera","image":{"@type":"ImageObject","inLanguage":"es","@id":"https:\/\/nereacanteranutricionista.es\/#\/schema\/person\/image\/","url":"https:\/\/nereacanteranutricionista.es\/wp-content\/uploads\/2023\/02\/cropped-cropped-cropped-ICONO-CON-LETRA-1-1.png","contentUrl":"https:\/\/nereacanteranutricionista.es\/wp-content\/uploads\/2023\/02\/cropped-cropped-cropped-ICONO-CON-LETRA-1-1.png","width":2034,"height":678,"caption":"Nerea Cantera"},"logo":{"@id":"https:\/\/nereacanteranutricionista.es\/#\/schema\/person\/image\/"},"sameAs":["http:\/\/nereacanteranutricionista.es"]}]}},"uagb_featured_image_src":{"full":false,"thumbnail":false,"medium":false,"medium_large":false,"large":false,"1536x1536":false,"2048x2048":false},"uagb_author_info":{"display_name":"Nerea Cantera","author_link":"https:\/\/nereacanteranutricionista.es\/index.php\/author\/nereacanteranutricionistagmail-com\/"},"uagb_comment_info":0,"uagb_excerpt":"Contacto M\u00e1ndame un mensaje si quieres pedir cita o quieres conocer mejor mi forma de trabajo. Si quieres pedir una cita a trav\u00e9s del formulario autom\u00e1tico de citas pulsa aqu\u00ed. Gracias. Estemos en contacto Tel\u00e9fonos Email\u200b Horarios de cita:\u200b Lunes a jueves: &#8211; Ma\u00f1anas: 09:30 &#8211; 14:00 h &#8211; Tardes: 16:00 &#8211; 19:30 hViernes: &#8211;&hellip;","_links":{"self":[{"href":"https:\/\/nereacanteranutricionista.es\/index.php\/wp-json\/wp\/v2\/pages\/2594"}],"collection":[{"href":"https:\/\/nereacanteranutricionista.es\/index.php\/wp-json\/wp\/v2\/pages"}],"about":[{"href":"https:\/\/nereacanteranutricionista.es\/index.php\/wp-json\/wp\/v2\/types\/page"}],"author":[{"embeddable":true,"href":"https:\/\/nereacanteranutricionista.es\/index.php\/wp-json\/wp\/v2\/users\/1"}],"replies":[{"embeddable":true,"href":"https:\/\/nereacanteranutricionista.es\/index.php\/wp-json\/wp\/v2\/comments?post=2594"}],"version-history":[{"count":1,"href":"https:\/\/nereacanteranutricionista.es\/index.php\/wp-json\/wp\/v2\/pages\/2594\/revisions"}],"predecessor-version":[{"id":2639,"href":"https:\/\/nereacanteranutricionista.es\/index.php\/wp-json\/wp\/v2\/pages\/2594\/revisions\/2639"}],"wp:attachment":[{"href":"https:\/\/nereacanteranutricionista.es\/index.php\/wp-json\/wp\/v2\/media?parent=2594"}],"curies":[{"name":"wp","href":"https:\/\/api.w.org\/{rel}","templated":true}]}}