{"id":2275,"date":"2023-09-18T13:28:43","date_gmt":"2023-09-18T11:28:43","guid":{"rendered":"https:\/\/nereacanteranutricionista.es\/?page_id=2275"},"modified":"2026-03-27T09:33:44","modified_gmt":"2026-03-27T08:33:44","slug":"politica-de-cancelaciones","status":"publish","type":"page","link":"https:\/\/nereacanteranutricionista.es\/index.php\/politica-de-cancelaciones\/","title":{"rendered":"Pol\u00edtica de cambios de cita y cancelaciones"},"content":{"rendered":"<p style=\"text-align: justify;\">Puede modificar tanto la hora de la consulta como el d\u00eda, as\u00ed como cancelar la cita siempre que se haga, como m\u00ednimo, con <strong>24 horas de antelaci\u00f3n<\/strong>.<\/p>\n<p style=\"text-align: justify;\">Si se avisa con menor antelaci\u00f3n a la expuesta anteriormente dos veces consecutivas, para reservar una nueva cita, se podr\u00e1 pedir el pago por adelantado de la consulta mediante bizum o transferencia bancaria. En caso de una nueva modificaci\u00f3n o cancelaci\u00f3n de la cita sin avisar con la suficiente antelaci\u00f3n, el dinero no ser\u00e1 reembolsado.<\/p>\n<p style=\"text-align: justify;\">En el caso de no acudir a la cita sin dar un aviso previo, para reservar una nueva cita, se deber\u00e1 pagar por adelantado mediante bizum o transferencia. En caso de una nueva modificaci\u00f3n o cancelaci\u00f3n de cita sin avisar con la suficiente antelaci\u00f3n, el dinero no ser\u00e1 reembolsado.<\/p>\n<p>Si dispone de un bono de consultas, en el caso de no acudir a la cita sin dar aviso previo, o cambiar la fecha de la cita en reiteradas ocasiones sin avisar con al menos 24 horas de antelaci\u00f3n, la consulta correspondiente del bono contar\u00e1 como realizada.\u00a0<\/p>\n\n\n<p><\/p>\n","protected":false},"excerpt":{"rendered":"<p>Puede modificar tanto la hora de la consulta como el d\u00eda, as\u00ed como cancelar la cita siempre que se haga, como m\u00ednimo, con 24 horas de antelaci\u00f3n. Si se avisa con menor antelaci\u00f3n a la expuesta anteriormente dos veces consecutivas, para reservar una nueva cita, se podr\u00e1 pedir el pago por adelantado de la consulta [&hellip;]<\/p>\n","protected":false},"author":1,"featured_media":0,"parent":0,"menu_order":0,"comment_status":"closed","ping_status":"closed","template":"","meta":{"_uag_custom_page_level_css":"","site-sidebar-layout":"default","site-content-layout":"","ast-site-content-layout":"default","site-content-style":"default","site-sidebar-style":"default","ast-global-header-display":"","ast-banner-title-visibility":"","ast-main-header-display":"","ast-hfb-above-header-display":"","ast-hfb-below-header-display":"","ast-hfb-mobile-header-display":"","site-post-title":"","ast-breadcrumbs-content":"","ast-featured-img":"","footer-sml-layout":"","ast-disable-related-posts":"","theme-transparent-header-meta":"","adv-header-id-meta":"","stick-header-meta":"","header-above-stick-meta":"","header-main-stick-meta":"","header-below-stick-meta":"","astra-migrate-meta-layouts":"set","ast-page-background-enabled":"default","ast-page-background-meta":{"desktop":{"background-color":"","background-image":"","background-repeat":"repeat","background-position":"center center","background-size":"auto","background-attachment":"scroll","background-type":"","background-media":"","overlay-type":"","overlay-color":"","overlay-opacity":"","overlay-gradient":""},"tablet":{"background-color":"","background-image":"","background-repeat":"repeat","background-position":"center center","background-size":"auto","background-attachment":"scroll","background-type":"","background-media":"","overlay-type":"","overlay-color":"","overlay-opacity":"","overlay-gradient":""},"mobile":{"background-color":"","background-image":"","background-repeat":"repeat","background-position":"center center","background-size":"auto","background-attachment":"scroll","background-type":"","background-media":"","overlay-type":"","overlay-color":"","overlay-opacity":"","overlay-gradient":""}},"ast-content-background-meta":{"desktop":{"background-color":"var(--ast-global-color-5)","background-image":"","background-repeat":"repeat","background-position":"center center","background-size":"auto","background-attachment":"scroll","background-type":"","background-media":"","overlay-type":"","overlay-color":"","overlay-opacity":"","overlay-gradient":""},"tablet":{"background-color":"var(--ast-global-color-5)","background-image":"","background-repeat":"repeat","background-position":"center center","background-size":"auto","background-attachment":"scroll","background-type":"","background-media":"","overlay-type":"","overlay-color":"","overlay-opacity":"","overlay-gradient":""},"mobile":{"background-color":"var(--ast-global-color-5)","background-image":"","background-repeat":"repeat","background-position":"center center","background-size":"auto","background-attachment":"scroll","background-type":"","background-media":"","overlay-type":"","overlay-color":"","overlay-opacity":"","overlay-gradient":""}},"footnotes":""},"class_list":["post-2275","page","type-page","status-publish","hentry"],"yoast_head":"<!-- This site is optimized with the Yoast SEO plugin v23.6 - https:\/\/yoast.com\/wordpress\/plugins\/seo\/ -->\n<title>Pol\u00edtica de cambios de cita y cancelaciones -<\/title>\n<meta name=\"description\" content=\"Aviso legal\" \/>\n<meta name=\"robots\" content=\"index, follow, max-snippet:-1, max-image-preview:large, max-video-preview:-1\" \/>\n<link rel=\"canonical\" href=\"https:\/\/nereacanteranutricionista.es\/index.php\/politica-de-cancelaciones\/\" \/>\n<meta property=\"og:locale\" content=\"es_ES\" \/>\n<meta property=\"og:type\" content=\"article\" \/>\n<meta property=\"og:title\" content=\"Pol\u00edtica de cambios de cita y cancelaciones -\" \/>\n<meta property=\"og:description\" content=\"Aviso legal\" \/>\n<meta property=\"og:url\" content=\"https:\/\/nereacanteranutricionista.es\/index.php\/politica-de-cancelaciones\/\" \/>\n<meta property=\"og:site_name\" content=\"Nerea Cantera - Nutricionista en Palencia y online.\" \/>\n<meta property=\"article:modified_time\" content=\"2026-03-27T08:33:44+00:00\" \/>\n<meta name=\"twitter:card\" content=\"summary_large_image\" \/>\n<meta name=\"twitter:label1\" content=\"Tiempo de lectura\" \/>\n\t<meta name=\"twitter:data1\" content=\"1 minuto\" \/>\n<script type=\"application\/ld+json\" class=\"yoast-schema-graph\">{\"@context\":\"https:\/\/schema.org\",\"@graph\":[{\"@type\":\"WebPage\",\"@id\":\"https:\/\/nereacanteranutricionista.es\/index.php\/politica-de-cancelaciones\/\",\"url\":\"https:\/\/nereacanteranutricionista.es\/index.php\/politica-de-cancelaciones\/\",\"name\":\"Pol\u00edtica de cambios de cita y cancelaciones -\",\"isPartOf\":{\"@id\":\"https:\/\/nereacanteranutricionista.es\/#website\"},\"datePublished\":\"2023-09-18T11:28:43+00:00\",\"dateModified\":\"2026-03-27T08:33:44+00:00\",\"description\":\"Aviso legal\",\"breadcrumb\":{\"@id\":\"https:\/\/nereacanteranutricionista.es\/index.php\/politica-de-cancelaciones\/#breadcrumb\"},\"inLanguage\":\"es\",\"potentialAction\":[{\"@type\":\"ReadAction\",\"target\":[\"https:\/\/nereacanteranutricionista.es\/index.php\/politica-de-cancelaciones\/\"]}]},{\"@type\":\"BreadcrumbList\",\"@id\":\"https:\/\/nereacanteranutricionista.es\/index.php\/politica-de-cancelaciones\/#breadcrumb\",\"itemListElement\":[{\"@type\":\"ListItem\",\"position\":1,\"name\":\"Portada\",\"item\":\"https:\/\/nereacanteranutricionista.es\/\"},{\"@type\":\"ListItem\",\"position\":2,\"name\":\"Pol\u00edtica de cambios de cita y cancelaciones\"}]},{\"@type\":\"WebSite\",\"@id\":\"https:\/\/nereacanteranutricionista.es\/#website\",\"url\":\"https:\/\/nereacanteranutricionista.es\/\",\"name\":\"Nerea Cantera - Nutricionista en Palencia y online.\",\"description\":\"\",\"publisher\":{\"@id\":\"https:\/\/nereacanteranutricionista.es\/#\/schema\/person\/8388f071d44817509022534eee888d9b\"},\"potentialAction\":[{\"@type\":\"SearchAction\",\"target\":{\"@type\":\"EntryPoint\",\"urlTemplate\":\"https:\/\/nereacanteranutricionista.es\/?s={search_term_string}\"},\"query-input\":{\"@type\":\"PropertyValueSpecification\",\"valueRequired\":true,\"valueName\":\"search_term_string\"}}],\"inLanguage\":\"es\"},{\"@type\":[\"Person\",\"Organization\"],\"@id\":\"https:\/\/nereacanteranutricionista.es\/#\/schema\/person\/8388f071d44817509022534eee888d9b\",\"name\":\"Nerea Cantera\",\"image\":{\"@type\":\"ImageObject\",\"inLanguage\":\"es\",\"@id\":\"https:\/\/nereacanteranutricionista.es\/#\/schema\/person\/image\/\",\"url\":\"https:\/\/nereacanteranutricionista.es\/wp-content\/uploads\/2023\/02\/cropped-cropped-cropped-ICONO-CON-LETRA-1-1.png\",\"contentUrl\":\"https:\/\/nereacanteranutricionista.es\/wp-content\/uploads\/2023\/02\/cropped-cropped-cropped-ICONO-CON-LETRA-1-1.png\",\"width\":2034,\"height\":678,\"caption\":\"Nerea Cantera\"},\"logo\":{\"@id\":\"https:\/\/nereacanteranutricionista.es\/#\/schema\/person\/image\/\"},\"sameAs\":[\"http:\/\/nereacanteranutricionista.es\"]}]}<\/script>\n<!-- \/ Yoast SEO plugin. -->","yoast_head_json":{"title":"Pol\u00edtica de cambios de cita y cancelaciones -","description":"Aviso legal","robots":{"index":"index","follow":"follow","max-snippet":"max-snippet:-1","max-image-preview":"max-image-preview:large","max-video-preview":"max-video-preview:-1"},"canonical":"https:\/\/nereacanteranutricionista.es\/index.php\/politica-de-cancelaciones\/","og_locale":"es_ES","og_type":"article","og_title":"Pol\u00edtica de cambios de cita y cancelaciones -","og_description":"Aviso legal","og_url":"https:\/\/nereacanteranutricionista.es\/index.php\/politica-de-cancelaciones\/","og_site_name":"Nerea Cantera - Nutricionista en Palencia y online.","article_modified_time":"2026-03-27T08:33:44+00:00","twitter_card":"summary_large_image","twitter_misc":{"Tiempo de lectura":"1 minuto"},"schema":{"@context":"https:\/\/schema.org","@graph":[{"@type":"WebPage","@id":"https:\/\/nereacanteranutricionista.es\/index.php\/politica-de-cancelaciones\/","url":"https:\/\/nereacanteranutricionista.es\/index.php\/politica-de-cancelaciones\/","name":"Pol\u00edtica de cambios de cita y cancelaciones -","isPartOf":{"@id":"https:\/\/nereacanteranutricionista.es\/#website"},"datePublished":"2023-09-18T11:28:43+00:00","dateModified":"2026-03-27T08:33:44+00:00","description":"Aviso legal","breadcrumb":{"@id":"https:\/\/nereacanteranutricionista.es\/index.php\/politica-de-cancelaciones\/#breadcrumb"},"inLanguage":"es","potentialAction":[{"@type":"ReadAction","target":["https:\/\/nereacanteranutricionista.es\/index.php\/politica-de-cancelaciones\/"]}]},{"@type":"BreadcrumbList","@id":"https:\/\/nereacanteranutricionista.es\/index.php\/politica-de-cancelaciones\/#breadcrumb","itemListElement":[{"@type":"ListItem","position":1,"name":"Portada","item":"https:\/\/nereacanteranutricionista.es\/"},{"@type":"ListItem","position":2,"name":"Pol\u00edtica de cambios de cita y cancelaciones"}]},{"@type":"WebSite","@id":"https:\/\/nereacanteranutricionista.es\/#website","url":"https:\/\/nereacanteranutricionista.es\/","name":"Nerea Cantera - Nutricionista en Palencia y online.","description":"","publisher":{"@id":"https:\/\/nereacanteranutricionista.es\/#\/schema\/person\/8388f071d44817509022534eee888d9b"},"potentialAction":[{"@type":"SearchAction","target":{"@type":"EntryPoint","urlTemplate":"https:\/\/nereacanteranutricionista.es\/?s={search_term_string}"},"query-input":{"@type":"PropertyValueSpecification","valueRequired":true,"valueName":"search_term_string"}}],"inLanguage":"es"},{"@type":["Person","Organization"],"@id":"https:\/\/nereacanteranutricionista.es\/#\/schema\/person\/8388f071d44817509022534eee888d9b","name":"Nerea Cantera","image":{"@type":"ImageObject","inLanguage":"es","@id":"https:\/\/nereacanteranutricionista.es\/#\/schema\/person\/image\/","url":"https:\/\/nereacanteranutricionista.es\/wp-content\/uploads\/2023\/02\/cropped-cropped-cropped-ICONO-CON-LETRA-1-1.png","contentUrl":"https:\/\/nereacanteranutricionista.es\/wp-content\/uploads\/2023\/02\/cropped-cropped-cropped-ICONO-CON-LETRA-1-1.png","width":2034,"height":678,"caption":"Nerea Cantera"},"logo":{"@id":"https:\/\/nereacanteranutricionista.es\/#\/schema\/person\/image\/"},"sameAs":["http:\/\/nereacanteranutricionista.es"]}]}},"uagb_featured_image_src":{"full":false,"thumbnail":false,"medium":false,"medium_large":false,"large":false,"1536x1536":false,"2048x2048":false},"uagb_author_info":{"display_name":"Nerea Cantera","author_link":"https:\/\/nereacanteranutricionista.es\/index.php\/author\/nereacanteranutricionistagmail-com\/"},"uagb_comment_info":0,"uagb_excerpt":"Puede modificar tanto la hora de la consulta como el d\u00eda, as\u00ed como cancelar la cita siempre que se haga, como m\u00ednimo, con 24 horas de antelaci\u00f3n. Si se avisa con menor antelaci\u00f3n a la expuesta anteriormente dos veces consecutivas, para reservar una nueva cita, se podr\u00e1 pedir el pago por adelantado de la consulta&hellip;","_links":{"self":[{"href":"https:\/\/nereacanteranutricionista.es\/index.php\/wp-json\/wp\/v2\/pages\/2275"}],"collection":[{"href":"https:\/\/nereacanteranutricionista.es\/index.php\/wp-json\/wp\/v2\/pages"}],"about":[{"href":"https:\/\/nereacanteranutricionista.es\/index.php\/wp-json\/wp\/v2\/types\/page"}],"author":[{"embeddable":true,"href":"https:\/\/nereacanteranutricionista.es\/index.php\/wp-json\/wp\/v2\/users\/1"}],"replies":[{"embeddable":true,"href":"https:\/\/nereacanteranutricionista.es\/index.php\/wp-json\/wp\/v2\/comments?post=2275"}],"version-history":[{"count":10,"href":"https:\/\/nereacanteranutricionista.es\/index.php\/wp-json\/wp\/v2\/pages\/2275\/revisions"}],"predecessor-version":[{"id":2803,"href":"https:\/\/nereacanteranutricionista.es\/index.php\/wp-json\/wp\/v2\/pages\/2275\/revisions\/2803"}],"wp:attachment":[{"href":"https:\/\/nereacanteranutricionista.es\/index.php\/wp-json\/wp\/v2\/media?parent=2275"}],"curies":[{"name":"wp","href":"https:\/\/api.w.org\/{rel}","templated":true}]}}