{"id":1263,"date":"2023-02-14T21:01:23","date_gmt":"2023-02-14T20:01:23","guid":{"rendered":"https:\/\/nereacanteranutricionista.es\/?page_id=1263"},"modified":"2023-06-13T09:32:33","modified_gmt":"2023-06-13T07:32:33","slug":"preguntas","status":"publish","type":"page","link":"https:\/\/nereacanteranutricionista.es\/index.php\/preguntas\/","title":{"rendered":"Preguntas"},"content":{"rendered":"\n<div class=\"wp-block-uagb-container uagb-block-9369dbb7 alignfull uagb-is-root-container\"><div class=\"uagb-container-inner-blocks-wrap\">\n<div class=\"wp-block-uagb-advanced-heading uagb-block-d06d53bb\"><h1 class=\"uagb-heading-text\">Formulario de preguntas <\/h1><p class=\"uagb-desc-text\">Aqu\u00ed puedes hacer tus preguntas, en breve las contestar\u00e9.<\/p><\/div>\n<\/div><\/div>\n\n\n\n<p><\/p>\n\n\n\n<p>Recuerda que las preguntas con sus respuestas aparecer\u00e1n en la p\u00e1gina de \u00abPreguntas y Respuestas\u00bb y ser\u00e1n p\u00fablicas, aparecer\u00e1 tu alias, ning\u00fan otro dato personal m\u00e1s.<\/p>\n\n\n\n<div class=\"wp-block-contact-form-7-contact-form-selector\">\n<div class=\"wpcf7 no-js\" id=\"wpcf7-f1217-o1\" lang=\"es-ES\" dir=\"ltr\" data-wpcf7-id=\"1217\">\n<div class=\"screen-reader-response\"><p role=\"status\" aria-live=\"polite\" aria-atomic=\"true\"><\/p> <ul><\/ul><\/div>\n<form action=\"\/index.php\/wp-json\/wp\/v2\/pages\/1263#wpcf7-f1217-o1\" method=\"post\" class=\"wpcf7-form init\" aria-label=\"Formulario de contacto\" novalidate=\"novalidate\" data-status=\"init\">\n<div style=\"display: none;\">\n<input type=\"hidden\" name=\"_wpcf7\" value=\"1217\" \/>\n<input type=\"hidden\" name=\"_wpcf7_version\" value=\"6.0.6\" \/>\n<input type=\"hidden\" name=\"_wpcf7_locale\" value=\"es_ES\" \/>\n<input type=\"hidden\" name=\"_wpcf7_unit_tag\" value=\"wpcf7-f1217-o1\" \/>\n<input type=\"hidden\" name=\"_wpcf7_container_post\" value=\"0\" \/>\n<input type=\"hidden\" name=\"_wpcf7_posted_data_hash\" value=\"\" \/>\n<input type=\"hidden\" name=\"_wpcf7_recaptcha_response\" value=\"\" \/>\n<\/div>\n<label> Nombre y apellidos (*)\n    <span class=\"wpcf7-form-control-wrap\" data-name=\"your-name\"><input size=\"40\" maxlength=\"400\" class=\"wpcf7-form-control wpcf7-text wpcf7-validates-as-required\" autocomplete=\"name\" aria-required=\"true\" aria-invalid=\"false\" placeholder=\"\" value=\"\" type=\"text\" name=\"your-name\" \/><\/span> <\/label>\n\n<label> Alias (nombre que aparecer\u00e1 de forma p\u00fablica) (*)\n    <span class=\"wpcf7-form-control-wrap\" data-name=\"your-name\"><input size=\"40\" maxlength=\"400\" class=\"wpcf7-form-control wpcf7-text wpcf7-validates-as-required\" autocomplete=\"name\" aria-required=\"true\" aria-invalid=\"false\" placeholder=\"\" value=\"\" type=\"text\" name=\"your-name\" \/><\/span> <\/label>\n\n<label> Correo electr\u00f3nico (*)\n    <span class=\"wpcf7-form-control-wrap\" data-name=\"your-email\"><input size=\"40\" maxlength=\"400\" class=\"wpcf7-form-control wpcf7-email wpcf7-validates-as-required wpcf7-text wpcf7-validates-as-email\" id=\"your-email\" autocomplete=\"email\" aria-required=\"true\" aria-invalid=\"false\" value=\"\" type=\"email\" name=\"your-email\" \/><\/span> <\/label>\n\n<label> Categor\u00eda de la pregunta (*)\n    <span class=\"wpcf7-form-control-wrap\" data-name=\"your-subject\"><select class=\"wpcf7-form-control wpcf7-select\" id=\"your-subject\" aria-invalid=\"false\" name=\"your-subject\"><option value=\"Alimentos\">Alimentos<\/option><option value=\"Cocina\">Cocina<\/option><option value=\"Dietas\">Dietas<\/option><option value=\"Embarazo y lactancia\">Embarazo y lactancia<\/option><option value=\"Nutrici\u00f3n deportiva\">Nutrici\u00f3n deportiva<\/option><option value=\"Patologias endocrinol\u00f3gicas y metab\u00f3licas\">Patologias endocrinol\u00f3gicas y metab\u00f3licas<\/option><option value=\"Problemas digestivos\">Problemas digestivos<\/option><option value=\"Otras enfermedades\">Otras enfermedades<\/option><\/select><\/span> <\/label>\n\n<label> Tu consulta (*)\n    <span class=\"wpcf7-form-control-wrap\" data-name=\"your-message\"><textarea cols=\"40\" rows=\"10\" maxlength=\"2000\" class=\"wpcf7-form-control wpcf7-textarea wpcf7-validates-as-required\" id=\"your-message\" aria-required=\"true\" aria-invalid=\"false\" name=\"your-message\"><\/textarea><\/span> <\/label>\n\n\n\n<span class=\"wpcf7-form-control-wrap\" data-name=\"RGPD\"><span class=\"wpcf7-form-control wpcf7-acceptance\"><span class=\"wpcf7-list-item\"><label><input type=\"checkbox\" name=\"RGPD\" value=\"1\" id=\"RGPD\" aria-invalid=\"false\" \/><span class=\"wpcf7-list-item-label\">He le\u00eddo y acepto la <a href=\"https:\/\/nereacanteranutricionista.es\/index.php\/politica-de-privacidad\/\" data-type=\"page\" data-id=\"1192\" target=\"_blank\" rel=\"noreferrer noopener\">pol\u00edtica de privacidad<\/a><\/span><\/label><\/span><\/span><\/span>\n\n\n\n<span class=\"wpcf7-form-control-wrap\" data-name=\"RGPD\"><span class=\"wpcf7-form-control wpcf7-acceptance\"><span class=\"wpcf7-list-item\"><label><input type=\"checkbox\" name=\"RGPD\" value=\"1\" aria-invalid=\"false\" \/><span class=\"wpcf7-list-item-label\">Acepto el env\u00edo de informaciones por parte de Nerea Cantera<\/a><\/span><\/label><\/span><\/span><\/span>\n\n\n\n<input class=\"wpcf7-form-control wpcf7-submit has-spinner\" type=\"submit\" value=\"Enviar\" \/><input type='hidden' class='wpcf7-pum' value='{\"closepopup\":false,\"closedelay\":0,\"openpopup\":false,\"openpopup_id\":0}' \/><div class=\"wpcf7-response-output\" aria-hidden=\"true\"><\/div>\n<\/form>\n<\/div>\n<\/div>\n","protected":false},"excerpt":{"rendered":"<p>Formulario de preguntas Aqu\u00ed puedes hacer tus preguntas, en breve las contestar\u00e9. Recuerda que las preguntas con sus respuestas aparecer\u00e1n en la p\u00e1gina de \u00abPreguntas y Respuestas\u00bb y ser\u00e1n p\u00fablicas, aparecer\u00e1 tu alias, ning\u00fan otro dato personal m\u00e1s.<\/p>\n","protected":false},"author":2,"featured_media":0,"parent":0,"menu_order":0,"comment_status":"closed","ping_status":"closed","template":"","meta":{"_uag_custom_page_level_css":"","site-sidebar-layout":"no-sidebar","site-content-layout":"plain-container","ast-site-content-layout":"default","site-content-style":"default","site-sidebar-style":"default","ast-global-header-display":"","ast-banner-title-visibility":"","ast-main-header-display":"","ast-hfb-above-header-display":"","ast-hfb-below-header-display":"","ast-hfb-mobile-header-display":"","site-post-title":"disabled","ast-breadcrumbs-content":"","ast-featured-img":"","footer-sml-layout":"","ast-disable-related-posts":"","theme-transparent-header-meta":"disabled","adv-header-id-meta":"","stick-header-meta":"","header-above-stick-meta":"","header-main-stick-meta":"","header-below-stick-meta":"","astra-migrate-meta-layouts":"default","ast-page-background-enabled":"default","ast-page-background-meta":{"desktop":{"background-color":"","background-image":"","background-repeat":"repeat","background-position":"center center","background-size":"auto","background-attachment":"scroll","background-type":"","background-media":"","overlay-type":"","overlay-color":"","overlay-opacity":"","overlay-gradient":""},"tablet":{"background-color":"","background-image":"","background-repeat":"repeat","background-position":"center center","background-size":"auto","background-attachment":"scroll","background-type":"","background-media":"","overlay-type":"","overlay-color":"","overlay-opacity":"","overlay-gradient":""},"mobile":{"background-color":"","background-image":"","background-repeat":"repeat","background-position":"center center","background-size":"auto","background-attachment":"scroll","background-type":"","background-media":"","overlay-type":"","overlay-color":"","overlay-opacity":"","overlay-gradient":""}},"ast-content-background-meta":{"desktop":{"background-color":"var(--ast-global-color-5)","background-image":"","background-repeat":"repeat","background-position":"center center","background-size":"auto","background-attachment":"scroll","background-type":"","background-media":"","overlay-type":"","overlay-color":"","overlay-opacity":"","overlay-gradient":""},"tablet":{"background-color":"var(--ast-global-color-5)","background-image":"","background-repeat":"repeat","background-position":"center center","background-size":"auto","background-attachment":"scroll","background-type":"","background-media":"","overlay-type":"","overlay-color":"","overlay-opacity":"","overlay-gradient":""},"mobile":{"background-color":"var(--ast-global-color-5)","background-image":"","background-repeat":"repeat","background-position":"center center","background-size":"auto","background-attachment":"scroll","background-type":"","background-media":"","overlay-type":"","overlay-color":"","overlay-opacity":"","overlay-gradient":""}},"footnotes":""},"class_list":["post-1263","page","type-page","status-publish","hentry"],"yoast_head":"<!-- This site is optimized with the Yoast SEO plugin v23.6 - https:\/\/yoast.com\/wordpress\/plugins\/seo\/ -->\n<title>Preguntas - Nerea Cantera - Nutricionista en Palencia y online.<\/title>\n<meta name=\"description\" content=\"Haz tus preguntas sobre temas como alimentos, cocina, embarazo y lactancia, patolog\u00edas endocrinol\u00f3gicas, problemas digestivos, enfermedades.\" \/>\n<meta name=\"robots\" content=\"index, follow, max-snippet:-1, max-image-preview:large, max-video-preview:-1\" \/>\n<link rel=\"canonical\" href=\"https:\/\/nereacanteranutricionista.es\/index.php\/preguntas\/\" \/>\n<meta property=\"og:locale\" content=\"es_ES\" \/>\n<meta property=\"og:type\" content=\"article\" \/>\n<meta property=\"og:title\" content=\"Preguntas - Nerea Cantera - Nutricionista en Palencia y online.\" \/>\n<meta property=\"og:description\" content=\"Haz tus preguntas sobre temas como alimentos, cocina, embarazo y lactancia, patolog\u00edas endocrinol\u00f3gicas, problemas digestivos, enfermedades.\" \/>\n<meta property=\"og:url\" content=\"https:\/\/nereacanteranutricionista.es\/index.php\/preguntas\/\" \/>\n<meta property=\"og:site_name\" content=\"Nerea Cantera - Nutricionista en Palencia y online.\" \/>\n<meta property=\"article:modified_time\" content=\"2023-06-13T07:32:33+00:00\" \/>\n<meta name=\"twitter:card\" content=\"summary_large_image\" \/>\n<meta name=\"twitter:label1\" content=\"Tiempo de lectura\" \/>\n\t<meta name=\"twitter:data1\" content=\"1 minuto\" \/>\n<script type=\"application\/ld+json\" class=\"yoast-schema-graph\">{\"@context\":\"https:\/\/schema.org\",\"@graph\":[{\"@type\":\"WebPage\",\"@id\":\"https:\/\/nereacanteranutricionista.es\/index.php\/preguntas\/\",\"url\":\"https:\/\/nereacanteranutricionista.es\/index.php\/preguntas\/\",\"name\":\"Preguntas - Nerea Cantera - Nutricionista en Palencia y online.\",\"isPartOf\":{\"@id\":\"https:\/\/nereacanteranutricionista.es\/#website\"},\"datePublished\":\"2023-02-14T20:01:23+00:00\",\"dateModified\":\"2023-06-13T07:32:33+00:00\",\"description\":\"Haz tus preguntas sobre temas como alimentos, cocina, embarazo y lactancia, patolog\u00edas endocrinol\u00f3gicas, problemas digestivos, enfermedades.\",\"breadcrumb\":{\"@id\":\"https:\/\/nereacanteranutricionista.es\/index.php\/preguntas\/#breadcrumb\"},\"inLanguage\":\"es\",\"potentialAction\":[{\"@type\":\"ReadAction\",\"target\":[\"https:\/\/nereacanteranutricionista.es\/index.php\/preguntas\/\"]}]},{\"@type\":\"BreadcrumbList\",\"@id\":\"https:\/\/nereacanteranutricionista.es\/index.php\/preguntas\/#breadcrumb\",\"itemListElement\":[{\"@type\":\"ListItem\",\"position\":1,\"name\":\"Portada\",\"item\":\"https:\/\/nereacanteranutricionista.es\/\"},{\"@type\":\"ListItem\",\"position\":2,\"name\":\"Preguntas\"}]},{\"@type\":\"WebSite\",\"@id\":\"https:\/\/nereacanteranutricionista.es\/#website\",\"url\":\"https:\/\/nereacanteranutricionista.es\/\",\"name\":\"Nerea Cantera - Nutricionista en Palencia y online.\",\"description\":\"\",\"publisher\":{\"@id\":\"https:\/\/nereacanteranutricionista.es\/#\/schema\/person\/8388f071d44817509022534eee888d9b\"},\"potentialAction\":[{\"@type\":\"SearchAction\",\"target\":{\"@type\":\"EntryPoint\",\"urlTemplate\":\"https:\/\/nereacanteranutricionista.es\/?s={search_term_string}\"},\"query-input\":{\"@type\":\"PropertyValueSpecification\",\"valueRequired\":true,\"valueName\":\"search_term_string\"}}],\"inLanguage\":\"es\"},{\"@type\":[\"Person\",\"Organization\"],\"@id\":\"https:\/\/nereacanteranutricionista.es\/#\/schema\/person\/8388f071d44817509022534eee888d9b\",\"name\":\"Nerea Cantera\",\"image\":{\"@type\":\"ImageObject\",\"inLanguage\":\"es\",\"@id\":\"https:\/\/nereacanteranutricionista.es\/#\/schema\/person\/image\/\",\"url\":\"https:\/\/nereacanteranutricionista.es\/wp-content\/uploads\/2023\/02\/cropped-cropped-cropped-ICONO-CON-LETRA-1-1.png\",\"contentUrl\":\"https:\/\/nereacanteranutricionista.es\/wp-content\/uploads\/2023\/02\/cropped-cropped-cropped-ICONO-CON-LETRA-1-1.png\",\"width\":2034,\"height\":678,\"caption\":\"Nerea Cantera\"},\"logo\":{\"@id\":\"https:\/\/nereacanteranutricionista.es\/#\/schema\/person\/image\/\"},\"sameAs\":[\"http:\/\/nereacanteranutricionista.es\"]}]}<\/script>\n<!-- \/ Yoast SEO plugin. -->","yoast_head_json":{"title":"Preguntas - Nerea Cantera - Nutricionista en Palencia y online.","description":"Haz tus preguntas sobre temas como alimentos, cocina, embarazo y lactancia, patolog\u00edas endocrinol\u00f3gicas, problemas digestivos, enfermedades.","robots":{"index":"index","follow":"follow","max-snippet":"max-snippet:-1","max-image-preview":"max-image-preview:large","max-video-preview":"max-video-preview:-1"},"canonical":"https:\/\/nereacanteranutricionista.es\/index.php\/preguntas\/","og_locale":"es_ES","og_type":"article","og_title":"Preguntas - Nerea Cantera - Nutricionista en Palencia y online.","og_description":"Haz tus preguntas sobre temas como alimentos, cocina, embarazo y lactancia, patolog\u00edas endocrinol\u00f3gicas, problemas digestivos, enfermedades.","og_url":"https:\/\/nereacanteranutricionista.es\/index.php\/preguntas\/","og_site_name":"Nerea Cantera - Nutricionista en Palencia y online.","article_modified_time":"2023-06-13T07:32:33+00:00","twitter_card":"summary_large_image","twitter_misc":{"Tiempo de lectura":"1 minuto"},"schema":{"@context":"https:\/\/schema.org","@graph":[{"@type":"WebPage","@id":"https:\/\/nereacanteranutricionista.es\/index.php\/preguntas\/","url":"https:\/\/nereacanteranutricionista.es\/index.php\/preguntas\/","name":"Preguntas - Nerea Cantera - Nutricionista en Palencia y online.","isPartOf":{"@id":"https:\/\/nereacanteranutricionista.es\/#website"},"datePublished":"2023-02-14T20:01:23+00:00","dateModified":"2023-06-13T07:32:33+00:00","description":"Haz tus preguntas sobre temas como alimentos, cocina, embarazo y lactancia, patolog\u00edas endocrinol\u00f3gicas, problemas digestivos, enfermedades.","breadcrumb":{"@id":"https:\/\/nereacanteranutricionista.es\/index.php\/preguntas\/#breadcrumb"},"inLanguage":"es","potentialAction":[{"@type":"ReadAction","target":["https:\/\/nereacanteranutricionista.es\/index.php\/preguntas\/"]}]},{"@type":"BreadcrumbList","@id":"https:\/\/nereacanteranutricionista.es\/index.php\/preguntas\/#breadcrumb","itemListElement":[{"@type":"ListItem","position":1,"name":"Portada","item":"https:\/\/nereacanteranutricionista.es\/"},{"@type":"ListItem","position":2,"name":"Preguntas"}]},{"@type":"WebSite","@id":"https:\/\/nereacanteranutricionista.es\/#website","url":"https:\/\/nereacanteranutricionista.es\/","name":"Nerea Cantera - Nutricionista en Palencia y online.","description":"","publisher":{"@id":"https:\/\/nereacanteranutricionista.es\/#\/schema\/person\/8388f071d44817509022534eee888d9b"},"potentialAction":[{"@type":"SearchAction","target":{"@type":"EntryPoint","urlTemplate":"https:\/\/nereacanteranutricionista.es\/?s={search_term_string}"},"query-input":{"@type":"PropertyValueSpecification","valueRequired":true,"valueName":"search_term_string"}}],"inLanguage":"es"},{"@type":["Person","Organization"],"@id":"https:\/\/nereacanteranutricionista.es\/#\/schema\/person\/8388f071d44817509022534eee888d9b","name":"Nerea Cantera","image":{"@type":"ImageObject","inLanguage":"es","@id":"https:\/\/nereacanteranutricionista.es\/#\/schema\/person\/image\/","url":"https:\/\/nereacanteranutricionista.es\/wp-content\/uploads\/2023\/02\/cropped-cropped-cropped-ICONO-CON-LETRA-1-1.png","contentUrl":"https:\/\/nereacanteranutricionista.es\/wp-content\/uploads\/2023\/02\/cropped-cropped-cropped-ICONO-CON-LETRA-1-1.png","width":2034,"height":678,"caption":"Nerea Cantera"},"logo":{"@id":"https:\/\/nereacanteranutricionista.es\/#\/schema\/person\/image\/"},"sameAs":["http:\/\/nereacanteranutricionista.es"]}]}},"uagb_featured_image_src":{"full":false,"thumbnail":false,"medium":false,"medium_large":false,"large":false,"1536x1536":false,"2048x2048":false},"uagb_author_info":{"display_name":"Marco Cantera Sanz","author_link":"https:\/\/nereacanteranutricionista.es\/index.php\/author\/marco\/"},"uagb_comment_info":0,"uagb_excerpt":"Formulario de preguntas Aqu\u00ed puedes hacer tus preguntas, en breve las contestar\u00e9. Recuerda que las preguntas con sus respuestas aparecer\u00e1n en la p\u00e1gina de \u00abPreguntas y Respuestas\u00bb y ser\u00e1n p\u00fablicas, aparecer\u00e1 tu alias, ning\u00fan otro dato personal m\u00e1s.","_links":{"self":[{"href":"https:\/\/nereacanteranutricionista.es\/index.php\/wp-json\/wp\/v2\/pages\/1263"}],"collection":[{"href":"https:\/\/nereacanteranutricionista.es\/index.php\/wp-json\/wp\/v2\/pages"}],"about":[{"href":"https:\/\/nereacanteranutricionista.es\/index.php\/wp-json\/wp\/v2\/types\/page"}],"author":[{"embeddable":true,"href":"https:\/\/nereacanteranutricionista.es\/index.php\/wp-json\/wp\/v2\/users\/2"}],"replies":[{"embeddable":true,"href":"https:\/\/nereacanteranutricionista.es\/index.php\/wp-json\/wp\/v2\/comments?post=1263"}],"version-history":[{"count":10,"href":"https:\/\/nereacanteranutricionista.es\/index.php\/wp-json\/wp\/v2\/pages\/1263\/revisions"}],"predecessor-version":[{"id":2252,"href":"https:\/\/nereacanteranutricionista.es\/index.php\/wp-json\/wp\/v2\/pages\/1263\/revisions\/2252"}],"wp:attachment":[{"href":"https:\/\/nereacanteranutricionista.es\/index.php\/wp-json\/wp\/v2\/media?parent=1263"}],"curies":[{"name":"wp","href":"https:\/\/api.w.org\/{rel}","templated":true}]}}